{"id":92,"date":"2024-08-01T21:27:23","date_gmt":"2024-08-01T19:27:23","guid":{"rendered":"https:\/\/xn--li-sportsant-meb.com\/?page_id=92"},"modified":"2025-05-20T13:46:10","modified_gmt":"2025-05-20T11:46:10","slug":"coaching","status":"publish","type":"page","link":"https:\/\/xn--li-sportsant-meb.com\/index.php\/coaching\/","title":{"rendered":"Coaching"},"content":{"rendered":"\n<p>Je propose du coaching priv\u00e9, offrant un accompagnement personnalis\u00e9 pour vous aider \u00e0 atteindre vos objectifs de sant\u00e9, de bien-\u00eatre et de d\u00e9veloppement personnel. Chaque s\u00e9ance de coaching est con\u00e7ue pour r\u00e9pondre sp\u00e9cifiquement \u00e0 vos besoins et \u00e0 vos aspirations, vous permettant de progresser \u00e0 votre propre rythme et selon vos propres priorit\u00e9s.<\/p>\n\n\n\n<figure class=\"wp-block-gallery has-nested-images columns-default is-cropped wp-block-gallery-1 is-layout-flex wp-block-gallery-is-layout-flex\">\n<figure class=\"wp-block-image size-large\"><img loading=\"lazy\" decoding=\"async\" width=\"819\" height=\"1024\" data-id=\"384\" src=\"https:\/\/xn--li-sportsant-meb.com\/wp-content\/uploads\/2025\/05\/COACHING-PRIVE-1-819x1024.png\" alt=\"\" class=\"wp-image-384\" srcset=\"https:\/\/xn--li-sportsant-meb.com\/wp-content\/uploads\/2025\/05\/COACHING-PRIVE-1-819x1024.png 819w, https:\/\/xn--li-sportsant-meb.com\/wp-content\/uploads\/2025\/05\/COACHING-PRIVE-1-240x300.png 240w, https:\/\/xn--li-sportsant-meb.com\/wp-content\/uploads\/2025\/05\/COACHING-PRIVE-1-768x960.png 768w, https:\/\/xn--li-sportsant-meb.com\/wp-content\/uploads\/2025\/05\/COACHING-PRIVE-1.png 1080w\" sizes=\"auto, (max-width: 706px) 89vw, (max-width: 767px) 82vw, 740px\" \/><\/figure>\n<\/figure>\n\n\n\n<p>Mais surtout, j&rsquo;ai \u00e0 c\u0153ur de faire aimer le sport aux gens et de leur montrer \u00e0 quel point il est b\u00e9n\u00e9fique pour notre sant\u00e9 mentale et physique. Mon approche est toujours empreinte de bienveillance et d&rsquo;\u00e9coute, garantissant que chaque client se sente soutenu et encourag\u00e9 tout au long de son parcours.&nbsp;<\/p>\n\n\n\n<p>Le coaching priv\u00e9 offre de nombreux bienfaits. Il permet d&rsquo;obtenir une attention individualis\u00e9e, ce qui garantit que chaque aspect de votre programme est adapt\u00e9 \u00e0 vos capacit\u00e9s et \u00e0 vos objectifs uniques. Que vous souhaitiez am\u00e9liorer votre condition physique, g\u00e9rer votre stress, d\u00e9velopper votre confiance en vous, ou atteindre des objectifs personnels sp\u00e9cifiques, le coaching priv\u00e9 vous offre un soutien constant et une motivation continue.&nbsp;&nbsp;<\/p>\n\n\n\n<p>&nbsp;De plus, je propose le service \u00e0 la personne avec le cr\u00e9dit d&rsquo;imp\u00f4ts, ce qui vous permet de r\u00e9aliser une \u00e9conomie de 50% sur le co\u00fbt de mes services.&nbsp;<\/p>\n\n\n\n<p><strong>Lieux d&rsquo;interventions :<\/strong>&nbsp; \u00c0 domicile, en ext\u00e9rieur, ou dans un lieu de votre choix, offrant ainsi une grande flexibilit\u00e9 pour s&rsquo;adapter \u00e0 votre emploi du temps et \u00e0 vos pr\u00e9f\u00e9rences.<\/p>\n\n\n\n<div class=\"wp-block-columns are-vertically-aligned-top is-layout-flex wp-container-core-columns-is-layout-9d6595d7 wp-block-columns-is-layout-flex\">\n<div class=\"wp-block-column is-layout-flow wp-block-column-is-layout-flow\"><\/div>\n\n\n\n<div class=\"wp-block-column is-vertically-aligned-top is-layout-flow wp-block-column-is-layout-flow\" style=\"flex-basis:300px\">\n<p class=\"has-text-align-center has-text-color has-background has-link-color has-medium-font-size wp-elements-42d3293e0f59152e4ebb5f6499872a6a\" style=\"color:#183a37;background:linear-gradient(83deg,rgb(238,238,238) 0%,rgb(169,184,195) 100%)\"><strong>Cr\u00e9dit d&rsquo;imp\u00f4t possible, d\u00e9duisez 50%<\/strong><\/p>\n\n\n\n<figure class=\"wp-block-gallery has-nested-images columns-default is-cropped wp-block-gallery-2 is-layout-flex wp-block-gallery-is-layout-flex\">\n<figure class=\"wp-block-image size-large is-style-default\"><a href=\"https:\/\/www.economie.gouv.fr\/particuliers\/credit-impot-services-personne\"><img loading=\"lazy\" decoding=\"async\" width=\"1000\" height=\"844\" data-id=\"163\" src=\"https:\/\/xn--li-sportsant-meb.com\/wp-content\/uploads\/2024\/08\/servicepersonne.jpg\" alt=\"\" class=\"wp-image-163\" srcset=\"https:\/\/xn--li-sportsant-meb.com\/wp-content\/uploads\/2024\/08\/servicepersonne.jpg 1000w, https:\/\/xn--li-sportsant-meb.com\/wp-content\/uploads\/2024\/08\/servicepersonne-300x253.jpg 300w, https:\/\/xn--li-sportsant-meb.com\/wp-content\/uploads\/2024\/08\/servicepersonne-768x648.jpg 768w\" sizes=\"auto, (max-width: 706px) 89vw, (max-width: 767px) 82vw, 740px\" \/><\/a><\/figure>\n<\/figure>\n<\/div>\n\n\n\n<div class=\"wp-block-column is-layout-flow wp-block-column-is-layout-flow\"><\/div>\n<\/div>\n\n\n\n<p>J&rsquo;interviens dans le Bas-Rhin et en Lorraine, notamment \u00e0 Brumath, Haguenau, Strasbourg, Wissembourg, Saverne,  Phalsbourg et Sarrebourg,<\/p>\n","protected":false},"excerpt":{"rendered":"<p>Je propose du coaching priv\u00e9, offrant un accompagnement personnalis\u00e9 pour vous aider \u00e0 atteindre vos objectifs de sant\u00e9, de bien-\u00eatre et de d\u00e9veloppement personnel. Chaque s\u00e9ance de coaching est con\u00e7ue pour r\u00e9pondre sp\u00e9cifiquement \u00e0 vos besoins et \u00e0 vos aspirations, vous permettant de progresser \u00e0 votre propre rythme et selon vos propres priorit\u00e9s. Mais surtout, &hellip; <\/p>\n<p class=\"link-more\"><a href=\"https:\/\/xn--li-sportsant-meb.com\/index.php\/coaching\/\" class=\"more-link\">Continuer la lecture<span class=\"screen-reader-text\"> de &laquo;&nbsp;Coaching&nbsp;&raquo;<\/span><\/a><\/p>\n","protected":false},"author":1,"featured_media":0,"parent":0,"menu_order":0,"comment_status":"closed","ping_status":"closed","template":"","meta":{"footnotes":""},"class_list":["post-92","page","type-page","status-publish","hentry"],"yoast_head":"<!-- This site is optimized with the Yoast SEO plugin v23.0 - https:\/\/yoast.com\/wordpress\/plugins\/seo\/ -->\n<title>Coaching - Laurie Ingweiler<\/title>\n<meta name=\"robots\" content=\"index, follow, max-snippet:-1, max-image-preview:large, max-video-preview:-1\" \/>\n<link rel=\"canonical\" href=\"https:\/\/xn--li-sportsant-meb.com\/index.php\/coaching\/\" \/>\n<meta property=\"og:locale\" content=\"fr_FR\" \/>\n<meta property=\"og:type\" content=\"article\" \/>\n<meta property=\"og:title\" content=\"Coaching - Laurie Ingweiler\" \/>\n<meta property=\"og:description\" content=\"Je propose du coaching priv\u00e9, offrant un accompagnement personnalis\u00e9 pour vous aider \u00e0 atteindre vos objectifs de sant\u00e9, de bien-\u00eatre et de d\u00e9veloppement personnel. Chaque s\u00e9ance de coaching est con\u00e7ue pour r\u00e9pondre sp\u00e9cifiquement \u00e0 vos besoins et \u00e0 vos aspirations, vous permettant de progresser \u00e0 votre propre rythme et selon vos propres priorit\u00e9s. Mais surtout, &hellip; Continuer la lecture de &laquo;&nbsp;Coaching&nbsp;&raquo;\" \/>\n<meta property=\"og:url\" content=\"https:\/\/xn--li-sportsant-meb.com\/index.php\/coaching\/\" \/>\n<meta property=\"og:site_name\" content=\"Laurie Ingweiler\" \/>\n<meta property=\"article:publisher\" content=\"https:\/\/www.facebook.com\/IngweilerLaurie\/\" \/>\n<meta property=\"article:modified_time\" content=\"2025-05-20T11:46:10+00:00\" \/>\n<meta property=\"og:image\" content=\"https:\/\/xn--li-sportsant-meb.com\/wp-content\/uploads\/2025\/05\/COACHING-PRIVE-1-819x1024.png\" \/>\n<meta name=\"twitter:card\" content=\"summary_large_image\" \/>\n<meta name=\"twitter:label1\" content=\"Dur\u00e9e de lecture estim\u00e9e\" \/>\n\t<meta name=\"twitter:data1\" content=\"2 minutes\" \/>\n<script type=\"application\/ld+json\" class=\"yoast-schema-graph\">{\"@context\":\"https:\/\/schema.org\",\"@graph\":[{\"@type\":\"WebPage\",\"@id\":\"https:\/\/xn--li-sportsant-meb.com\/index.php\/coaching\/\",\"url\":\"https:\/\/xn--li-sportsant-meb.com\/index.php\/coaching\/\",\"name\":\"Coaching - Laurie Ingweiler\",\"isPartOf\":{\"@id\":\"https:\/\/xn--li-sportsant-meb.com\/#website\"},\"primaryImageOfPage\":{\"@id\":\"https:\/\/xn--li-sportsant-meb.com\/index.php\/coaching\/#primaryimage\"},\"image\":{\"@id\":\"https:\/\/xn--li-sportsant-meb.com\/index.php\/coaching\/#primaryimage\"},\"thumbnailUrl\":\"https:\/\/xn--li-sportsant-meb.com\/wp-content\/uploads\/2025\/05\/COACHING-PRIVE-1-819x1024.png\",\"datePublished\":\"2024-08-01T19:27:23+00:00\",\"dateModified\":\"2025-05-20T11:46:10+00:00\",\"breadcrumb\":{\"@id\":\"https:\/\/xn--li-sportsant-meb.com\/index.php\/coaching\/#breadcrumb\"},\"inLanguage\":\"fr-FR\",\"potentialAction\":[{\"@type\":\"ReadAction\",\"target\":[\"https:\/\/xn--li-sportsant-meb.com\/index.php\/coaching\/\"]}]},{\"@type\":\"ImageObject\",\"inLanguage\":\"fr-FR\",\"@id\":\"https:\/\/xn--li-sportsant-meb.com\/index.php\/coaching\/#primaryimage\",\"url\":\"https:\/\/xn--li-sportsant-meb.com\/wp-content\/uploads\/2025\/05\/COACHING-PRIVE-1.png\",\"contentUrl\":\"https:\/\/xn--li-sportsant-meb.com\/wp-content\/uploads\/2025\/05\/COACHING-PRIVE-1.png\",\"width\":1080,\"height\":1350},{\"@type\":\"BreadcrumbList\",\"@id\":\"https:\/\/xn--li-sportsant-meb.com\/index.php\/coaching\/#breadcrumb\",\"itemListElement\":[{\"@type\":\"ListItem\",\"position\":1,\"name\":\"Accueil\",\"item\":\"https:\/\/xn--li-sportsant-meb.com\/\"},{\"@type\":\"ListItem\",\"position\":2,\"name\":\"Coaching\"}]},{\"@type\":\"WebSite\",\"@id\":\"https:\/\/xn--li-sportsant-meb.com\/#website\",\"url\":\"https:\/\/xn--li-sportsant-meb.com\/\",\"name\":\"LI Sport Sant\u00e9\",\"description\":\"COACH SPORTIVE, SPORT SANT\u00c9 &amp; VITALIT\u00c9\",\"publisher\":{\"@id\":\"https:\/\/xn--li-sportsant-meb.com\/#organization\"},\"alternateName\":\"Laurie Ingweiler Sport Sant\u00e9\",\"potentialAction\":[{\"@type\":\"SearchAction\",\"target\":{\"@type\":\"EntryPoint\",\"urlTemplate\":\"https:\/\/xn--li-sportsant-meb.com\/?s={search_term_string}\"},\"query-input\":\"required name=search_term_string\"}],\"inLanguage\":\"fr-FR\"},{\"@type\":\"Organization\",\"@id\":\"https:\/\/xn--li-sportsant-meb.com\/#organization\",\"name\":\"Laurie Ingweiler\",\"alternateName\":\"LI Sport Sant\u00e9\",\"url\":\"https:\/\/xn--li-sportsant-meb.com\/\",\"logo\":{\"@type\":\"ImageObject\",\"inLanguage\":\"fr-FR\",\"@id\":\"https:\/\/xn--li-sportsant-meb.com\/#\/schema\/logo\/image\/\",\"url\":\"https:\/\/xn--li-sportsant-meb.com\/wp-content\/uploads\/2024\/06\/Logo_Laurie_Ingweiler_Vert_1x.png\",\"contentUrl\":\"https:\/\/xn--li-sportsant-meb.com\/wp-content\/uploads\/2024\/06\/Logo_Laurie_Ingweiler_Vert_1x.png\",\"width\":310,\"height\":360,\"caption\":\"Laurie Ingweiler\"},\"image\":{\"@id\":\"https:\/\/xn--li-sportsant-meb.com\/#\/schema\/logo\/image\/\"},\"sameAs\":[\"https:\/\/www.facebook.com\/IngweilerLaurie\/\",\"https:\/\/www.instagram.com\/laurie.ingweiler\/\",\"https:\/\/www.linkedin.com\/in\/laurie-ingweiler-6b97a4243\/\"]}]}<\/script>\n<!-- \/ Yoast SEO plugin. -->","yoast_head_json":{"title":"Coaching - Laurie Ingweiler","robots":{"index":"index","follow":"follow","max-snippet":"max-snippet:-1","max-image-preview":"max-image-preview:large","max-video-preview":"max-video-preview:-1"},"canonical":"https:\/\/xn--li-sportsant-meb.com\/index.php\/coaching\/","og_locale":"fr_FR","og_type":"article","og_title":"Coaching - Laurie Ingweiler","og_description":"Je propose du coaching priv\u00e9, offrant un accompagnement personnalis\u00e9 pour vous aider \u00e0 atteindre vos objectifs de sant\u00e9, de bien-\u00eatre et de d\u00e9veloppement personnel. Chaque s\u00e9ance de coaching est con\u00e7ue pour r\u00e9pondre sp\u00e9cifiquement \u00e0 vos besoins et \u00e0 vos aspirations, vous permettant de progresser \u00e0 votre propre rythme et selon vos propres priorit\u00e9s. Mais surtout, &hellip; Continuer la lecture de &laquo;&nbsp;Coaching&nbsp;&raquo;","og_url":"https:\/\/xn--li-sportsant-meb.com\/index.php\/coaching\/","og_site_name":"Laurie Ingweiler","article_publisher":"https:\/\/www.facebook.com\/IngweilerLaurie\/","article_modified_time":"2025-05-20T11:46:10+00:00","og_image":[{"url":"https:\/\/xn--li-sportsant-meb.com\/wp-content\/uploads\/2025\/05\/COACHING-PRIVE-1-819x1024.png"}],"twitter_card":"summary_large_image","twitter_misc":{"Dur\u00e9e de lecture estim\u00e9e":"2 minutes"},"schema":{"@context":"https:\/\/schema.org","@graph":[{"@type":"WebPage","@id":"https:\/\/xn--li-sportsant-meb.com\/index.php\/coaching\/","url":"https:\/\/xn--li-sportsant-meb.com\/index.php\/coaching\/","name":"Coaching - Laurie Ingweiler","isPartOf":{"@id":"https:\/\/xn--li-sportsant-meb.com\/#website"},"primaryImageOfPage":{"@id":"https:\/\/xn--li-sportsant-meb.com\/index.php\/coaching\/#primaryimage"},"image":{"@id":"https:\/\/xn--li-sportsant-meb.com\/index.php\/coaching\/#primaryimage"},"thumbnailUrl":"https:\/\/xn--li-sportsant-meb.com\/wp-content\/uploads\/2025\/05\/COACHING-PRIVE-1-819x1024.png","datePublished":"2024-08-01T19:27:23+00:00","dateModified":"2025-05-20T11:46:10+00:00","breadcrumb":{"@id":"https:\/\/xn--li-sportsant-meb.com\/index.php\/coaching\/#breadcrumb"},"inLanguage":"fr-FR","potentialAction":[{"@type":"ReadAction","target":["https:\/\/xn--li-sportsant-meb.com\/index.php\/coaching\/"]}]},{"@type":"ImageObject","inLanguage":"fr-FR","@id":"https:\/\/xn--li-sportsant-meb.com\/index.php\/coaching\/#primaryimage","url":"https:\/\/xn--li-sportsant-meb.com\/wp-content\/uploads\/2025\/05\/COACHING-PRIVE-1.png","contentUrl":"https:\/\/xn--li-sportsant-meb.com\/wp-content\/uploads\/2025\/05\/COACHING-PRIVE-1.png","width":1080,"height":1350},{"@type":"BreadcrumbList","@id":"https:\/\/xn--li-sportsant-meb.com\/index.php\/coaching\/#breadcrumb","itemListElement":[{"@type":"ListItem","position":1,"name":"Accueil","item":"https:\/\/xn--li-sportsant-meb.com\/"},{"@type":"ListItem","position":2,"name":"Coaching"}]},{"@type":"WebSite","@id":"https:\/\/xn--li-sportsant-meb.com\/#website","url":"https:\/\/xn--li-sportsant-meb.com\/","name":"LI Sport Sant\u00e9","description":"COACH SPORTIVE, SPORT SANT\u00c9 &amp; VITALIT\u00c9","publisher":{"@id":"https:\/\/xn--li-sportsant-meb.com\/#organization"},"alternateName":"Laurie Ingweiler Sport Sant\u00e9","potentialAction":[{"@type":"SearchAction","target":{"@type":"EntryPoint","urlTemplate":"https:\/\/xn--li-sportsant-meb.com\/?s={search_term_string}"},"query-input":"required name=search_term_string"}],"inLanguage":"fr-FR"},{"@type":"Organization","@id":"https:\/\/xn--li-sportsant-meb.com\/#organization","name":"Laurie Ingweiler","alternateName":"LI Sport Sant\u00e9","url":"https:\/\/xn--li-sportsant-meb.com\/","logo":{"@type":"ImageObject","inLanguage":"fr-FR","@id":"https:\/\/xn--li-sportsant-meb.com\/#\/schema\/logo\/image\/","url":"https:\/\/xn--li-sportsant-meb.com\/wp-content\/uploads\/2024\/06\/Logo_Laurie_Ingweiler_Vert_1x.png","contentUrl":"https:\/\/xn--li-sportsant-meb.com\/wp-content\/uploads\/2024\/06\/Logo_Laurie_Ingweiler_Vert_1x.png","width":310,"height":360,"caption":"Laurie Ingweiler"},"image":{"@id":"https:\/\/xn--li-sportsant-meb.com\/#\/schema\/logo\/image\/"},"sameAs":["https:\/\/www.facebook.com\/IngweilerLaurie\/","https:\/\/www.instagram.com\/laurie.ingweiler\/","https:\/\/www.linkedin.com\/in\/laurie-ingweiler-6b97a4243\/"]}]}},"_links":{"self":[{"href":"https:\/\/xn--li-sportsant-meb.com\/index.php\/wp-json\/wp\/v2\/pages\/92","targetHints":{"allow":["GET"]}}],"collection":[{"href":"https:\/\/xn--li-sportsant-meb.com\/index.php\/wp-json\/wp\/v2\/pages"}],"about":[{"href":"https:\/\/xn--li-sportsant-meb.com\/index.php\/wp-json\/wp\/v2\/types\/page"}],"author":[{"embeddable":true,"href":"https:\/\/xn--li-sportsant-meb.com\/index.php\/wp-json\/wp\/v2\/users\/1"}],"replies":[{"embeddable":true,"href":"https:\/\/xn--li-sportsant-meb.com\/index.php\/wp-json\/wp\/v2\/comments?post=92"}],"version-history":[{"count":8,"href":"https:\/\/xn--li-sportsant-meb.com\/index.php\/wp-json\/wp\/v2\/pages\/92\/revisions"}],"predecessor-version":[{"id":387,"href":"https:\/\/xn--li-sportsant-meb.com\/index.php\/wp-json\/wp\/v2\/pages\/92\/revisions\/387"}],"wp:attachment":[{"href":"https:\/\/xn--li-sportsant-meb.com\/index.php\/wp-json\/wp\/v2\/media?parent=92"}],"curies":[{"name":"wp","href":"https:\/\/api.w.org\/{rel}","templated":true}]}}