{"id":91,"date":"2024-08-19T21:04:38","date_gmt":"2024-08-19T19:04:38","guid":{"rendered":"https:\/\/xn--li-sportsant-meb.com\/?page_id=91"},"modified":"2025-05-06T18:27:23","modified_gmt":"2025-05-06T16:27:23","slug":"senior","status":"publish","type":"page","link":"https:\/\/xn--li-sportsant-meb.com\/index.php\/senior\/","title":{"rendered":"S\u00e9niors"},"content":{"rendered":"\n<p>Je suis form\u00e9e en Activit\u00e9 Adapt\u00e9e pour Seniors, une pratique sp\u00e9cialement con\u00e7ue pour r\u00e9pondre aux besoins sp\u00e9cifiques des personnes \u00e2g\u00e9es. Ces activit\u00e9s, qui incluent des exercices physiques doux, des mouvements adapt\u00e9s et des techniques de relaxation, visent \u00e0 am\u00e9liorer la qualit\u00e9 de vie des seniors en favorisant leur bien-\u00eatre physique et mental.<\/p>\n\n\n\n<div class=\"alignnormal\"><div id=\"metaslider-id-276\" style=\"width: 100%;\" class=\"ml-slider-3-90-0 metaslider metaslider-flex metaslider-276 ml-slider ms-theme-default\" role=\"region\" aria-roledescription=\"Slideshow\" aria-label=\"Seniors\">\n    <div id=\"metaslider_container_276\">\n        <div id=\"metaslider_276\">\n            <ul class='slides'>\n                <li style=\"display: block; width: 100%;\" class=\"slide-281 ms-image \" aria-roledescription=\"slide\" aria-label=\"slide-281\"><img loading=\"lazy\" decoding=\"async\" src=\"https:\/\/xn--li-sportsant-meb.com\/wp-content\/uploads\/2025\/01\/1730212497347-scaled-1024x600.jpg\" height=\"600\" width=\"1024\" alt=\"\" class=\"slider-276 slide-281\" title=\"1730212497347\" \/><\/li>\n                <li style=\"display: none; width: 100%;\" class=\"slide-371 ms-image \" aria-roledescription=\"slide\" aria-label=\"slide-371\"><img loading=\"lazy\" decoding=\"async\" src=\"https:\/\/xn--li-sportsant-meb.com\/wp-content\/uploads\/2025\/05\/1746796508031-scaled-1024x600.jpg\" height=\"600\" width=\"1024\" alt=\"\" class=\"slider-276 slide-371\" title=\"1746796508031\" \/><\/li>\n                <li style=\"display: none; width: 100%;\" class=\"slide-280 ms-image \" aria-roledescription=\"slide\" aria-label=\"slide-280\"><img loading=\"lazy\" decoding=\"async\" src=\"https:\/\/xn--li-sportsant-meb.com\/wp-content\/uploads\/2025\/01\/1730212497496-512x300.png\" height=\"600\" width=\"1024\" alt=\"\" class=\"slider-276 slide-280\" title=\"1730212497496\" \/><\/li>\n                <li style=\"display: none; width: 100%;\" class=\"slide-282 ms-image \" aria-roledescription=\"slide\" aria-label=\"slide-282\"><img loading=\"lazy\" decoding=\"async\" src=\"https:\/\/xn--li-sportsant-meb.com\/wp-content\/uploads\/2024\/10\/1730039387240-512x300.png\" height=\"600\" width=\"1024\" alt=\"\" class=\"slider-276 slide-282\" title=\"1730039387240\" \/><\/li>\n                <li style=\"display: none; width: 100%;\" class=\"slide-278 ms-image \" aria-roledescription=\"slide\" aria-label=\"slide-278\"><img loading=\"lazy\" decoding=\"async\" src=\"https:\/\/xn--li-sportsant-meb.com\/wp-content\/uploads\/2025\/01\/1730212497641-512x300.png\" height=\"600\" width=\"1024\" alt=\"\" class=\"slider-276 slide-278\" title=\"1730212497641\" \/><\/li>\n                <li style=\"display: none; width: 100%;\" class=\"slide-372 ms-image \" aria-roledescription=\"slide\" aria-label=\"slide-372\"><img loading=\"lazy\" decoding=\"async\" src=\"https:\/\/xn--li-sportsant-meb.com\/wp-content\/uploads\/2025\/05\/IMG_20250509_151247-1024x600.jpg\" height=\"600\" width=\"1024\" alt=\"\" class=\"slider-276 slide-372\" title=\"IMG_20250509_151247\" \/><\/li>\n                <li style=\"display: none; width: 100%;\" class=\"slide-373 ms-image \" aria-roledescription=\"slide\" aria-label=\"slide-373\"><img loading=\"lazy\" decoding=\"async\" src=\"https:\/\/xn--li-sportsant-meb.com\/wp-content\/uploads\/2025\/05\/IMG_20250509_151439-1024x600.jpg\" height=\"600\" width=\"1024\" alt=\"\" class=\"slider-276 slide-373\" title=\"IMG_20250509_151439\" \/><\/li>\n            <\/ul>\n        <\/div>\n        \n    <\/div>\n<\/div><\/div>\n\n\n\n<p>Les bienfaits des activit\u00e9s adapt\u00e9es pour les seniors sont nombreux. Elles contribuent \u00e0 maintenir et am\u00e9liorer la mobilit\u00e9, la force et l&rsquo;\u00e9quilibre, r\u00e9duisant ainsi les risques de chute. En stimulant les fonctions cognitives, ces activit\u00e9s aident \u00e9galement \u00e0 pr\u00e9server la m\u00e9moire et \u00e0 renforcer la concentration. De plus, elles jouent un r\u00f4le important dans la gestion du stress et de l&rsquo;anxi\u00e9t\u00e9, am\u00e9liorant ainsi l&rsquo;humeur g\u00e9n\u00e9rale et la qualit\u00e9 du sommeil.<\/p>\n\n\n\n<p><strong>Les lieux d&rsquo;interventions :<\/strong> r\u00e9sidence Seniors, Ehpad, associations, ou m\u00eame \u00e0 domicile.<\/p>\n\n\n\n<p>J&rsquo;interviens dans le Bas-Rhin et en Lorraine, notamment \u00e0 Brumath, Haguenau, Strasbourg, Wissembourg, Saverne,  Phalsbourg et Sarrebourg,<\/p>\n","protected":false},"excerpt":{"rendered":"<p>Je suis form\u00e9e en Activit\u00e9 Adapt\u00e9e pour Seniors, une pratique sp\u00e9cialement con\u00e7ue pour r\u00e9pondre aux besoins sp\u00e9cifiques des personnes \u00e2g\u00e9es. Ces activit\u00e9s, qui incluent des exercices physiques doux, des mouvements adapt\u00e9s et des techniques de relaxation, visent \u00e0 am\u00e9liorer la qualit\u00e9 de vie des seniors en favorisant leur bien-\u00eatre physique et mental. Les bienfaits des &hellip; <\/p>\n<p class=\"link-more\"><a href=\"https:\/\/xn--li-sportsant-meb.com\/index.php\/senior\/\" class=\"more-link\">Continuer la lecture<span class=\"screen-reader-text\"> de &laquo;&nbsp;S\u00e9niors&nbsp;&raquo;<\/span><\/a><\/p>\n","protected":false},"author":1,"featured_media":0,"parent":0,"menu_order":0,"comment_status":"closed","ping_status":"closed","template":"","meta":{"footnotes":""},"class_list":["post-91","page","type-page","status-publish","hentry"],"yoast_head":"<!-- This site is optimized with the Yoast SEO plugin v23.0 - https:\/\/yoast.com\/wordpress\/plugins\/seo\/ -->\n<title>S\u00e9niors - Laurie Ingweiler<\/title>\n<meta name=\"robots\" content=\"index, follow, max-snippet:-1, max-image-preview:large, max-video-preview:-1\" \/>\n<link rel=\"canonical\" href=\"https:\/\/xn--li-sportsant-meb.com\/index.php\/senior\/\" \/>\n<meta property=\"og:locale\" content=\"fr_FR\" \/>\n<meta property=\"og:type\" content=\"article\" \/>\n<meta property=\"og:title\" content=\"S\u00e9niors - Laurie Ingweiler\" \/>\n<meta property=\"og:description\" content=\"Je suis form\u00e9e en Activit\u00e9 Adapt\u00e9e pour Seniors, une pratique sp\u00e9cialement con\u00e7ue pour r\u00e9pondre aux besoins sp\u00e9cifiques des personnes \u00e2g\u00e9es. Ces activit\u00e9s, qui incluent des exercices physiques doux, des mouvements adapt\u00e9s et des techniques de relaxation, visent \u00e0 am\u00e9liorer la qualit\u00e9 de vie des seniors en favorisant leur bien-\u00eatre physique et mental. Les bienfaits des &hellip; Continuer la lecture de &laquo;&nbsp;S\u00e9niors&nbsp;&raquo;\" \/>\n<meta property=\"og:url\" content=\"https:\/\/xn--li-sportsant-meb.com\/index.php\/senior\/\" \/>\n<meta property=\"og:site_name\" content=\"Laurie Ingweiler\" \/>\n<meta property=\"article:publisher\" content=\"https:\/\/www.facebook.com\/IngweilerLaurie\/\" \/>\n<meta property=\"article:modified_time\" content=\"2025-05-06T16:27:23+00:00\" \/>\n<meta name=\"twitter:card\" content=\"summary_large_image\" \/>\n<script type=\"application\/ld+json\" class=\"yoast-schema-graph\">{\"@context\":\"https:\/\/schema.org\",\"@graph\":[{\"@type\":\"WebPage\",\"@id\":\"https:\/\/xn--li-sportsant-meb.com\/index.php\/senior\/\",\"url\":\"https:\/\/xn--li-sportsant-meb.com\/index.php\/senior\/\",\"name\":\"S\u00e9niors - Laurie Ingweiler\",\"isPartOf\":{\"@id\":\"https:\/\/xn--li-sportsant-meb.com\/#website\"},\"datePublished\":\"2024-08-19T19:04:38+00:00\",\"dateModified\":\"2025-05-06T16:27:23+00:00\",\"breadcrumb\":{\"@id\":\"https:\/\/xn--li-sportsant-meb.com\/index.php\/senior\/#breadcrumb\"},\"inLanguage\":\"fr-FR\",\"potentialAction\":[{\"@type\":\"ReadAction\",\"target\":[\"https:\/\/xn--li-sportsant-meb.com\/index.php\/senior\/\"]}]},{\"@type\":\"BreadcrumbList\",\"@id\":\"https:\/\/xn--li-sportsant-meb.com\/index.php\/senior\/#breadcrumb\",\"itemListElement\":[{\"@type\":\"ListItem\",\"position\":1,\"name\":\"Accueil\",\"item\":\"https:\/\/xn--li-sportsant-meb.com\/\"},{\"@type\":\"ListItem\",\"position\":2,\"name\":\"S\u00e9niors\"}]},{\"@type\":\"WebSite\",\"@id\":\"https:\/\/xn--li-sportsant-meb.com\/#website\",\"url\":\"https:\/\/xn--li-sportsant-meb.com\/\",\"name\":\"LI Sport Sant\u00e9\",\"description\":\"COACH SPORTIVE, SPORT SANT\u00c9 &amp; VITALIT\u00c9\",\"publisher\":{\"@id\":\"https:\/\/xn--li-sportsant-meb.com\/#organization\"},\"alternateName\":\"Laurie Ingweiler Sport Sant\u00e9\",\"potentialAction\":[{\"@type\":\"SearchAction\",\"target\":{\"@type\":\"EntryPoint\",\"urlTemplate\":\"https:\/\/xn--li-sportsant-meb.com\/?s={search_term_string}\"},\"query-input\":\"required name=search_term_string\"}],\"inLanguage\":\"fr-FR\"},{\"@type\":\"Organization\",\"@id\":\"https:\/\/xn--li-sportsant-meb.com\/#organization\",\"name\":\"Laurie Ingweiler\",\"alternateName\":\"LI Sport Sant\u00e9\",\"url\":\"https:\/\/xn--li-sportsant-meb.com\/\",\"logo\":{\"@type\":\"ImageObject\",\"inLanguage\":\"fr-FR\",\"@id\":\"https:\/\/xn--li-sportsant-meb.com\/#\/schema\/logo\/image\/\",\"url\":\"https:\/\/xn--li-sportsant-meb.com\/wp-content\/uploads\/2024\/06\/Logo_Laurie_Ingweiler_Vert_1x.png\",\"contentUrl\":\"https:\/\/xn--li-sportsant-meb.com\/wp-content\/uploads\/2024\/06\/Logo_Laurie_Ingweiler_Vert_1x.png\",\"width\":310,\"height\":360,\"caption\":\"Laurie Ingweiler\"},\"image\":{\"@id\":\"https:\/\/xn--li-sportsant-meb.com\/#\/schema\/logo\/image\/\"},\"sameAs\":[\"https:\/\/www.facebook.com\/IngweilerLaurie\/\",\"https:\/\/www.instagram.com\/laurie.ingweiler\/\",\"https:\/\/www.linkedin.com\/in\/laurie-ingweiler-6b97a4243\/\"]}]}<\/script>\n<!-- \/ Yoast SEO plugin. -->","yoast_head_json":{"title":"S\u00e9niors - Laurie Ingweiler","robots":{"index":"index","follow":"follow","max-snippet":"max-snippet:-1","max-image-preview":"max-image-preview:large","max-video-preview":"max-video-preview:-1"},"canonical":"https:\/\/xn--li-sportsant-meb.com\/index.php\/senior\/","og_locale":"fr_FR","og_type":"article","og_title":"S\u00e9niors - Laurie Ingweiler","og_description":"Je suis form\u00e9e en Activit\u00e9 Adapt\u00e9e pour Seniors, une pratique sp\u00e9cialement con\u00e7ue pour r\u00e9pondre aux besoins sp\u00e9cifiques des personnes \u00e2g\u00e9es. Ces activit\u00e9s, qui incluent des exercices physiques doux, des mouvements adapt\u00e9s et des techniques de relaxation, visent \u00e0 am\u00e9liorer la qualit\u00e9 de vie des seniors en favorisant leur bien-\u00eatre physique et mental. Les bienfaits des &hellip; Continuer la lecture de &laquo;&nbsp;S\u00e9niors&nbsp;&raquo;","og_url":"https:\/\/xn--li-sportsant-meb.com\/index.php\/senior\/","og_site_name":"Laurie Ingweiler","article_publisher":"https:\/\/www.facebook.com\/IngweilerLaurie\/","article_modified_time":"2025-05-06T16:27:23+00:00","twitter_card":"summary_large_image","schema":{"@context":"https:\/\/schema.org","@graph":[{"@type":"WebPage","@id":"https:\/\/xn--li-sportsant-meb.com\/index.php\/senior\/","url":"https:\/\/xn--li-sportsant-meb.com\/index.php\/senior\/","name":"S\u00e9niors - Laurie Ingweiler","isPartOf":{"@id":"https:\/\/xn--li-sportsant-meb.com\/#website"},"datePublished":"2024-08-19T19:04:38+00:00","dateModified":"2025-05-06T16:27:23+00:00","breadcrumb":{"@id":"https:\/\/xn--li-sportsant-meb.com\/index.php\/senior\/#breadcrumb"},"inLanguage":"fr-FR","potentialAction":[{"@type":"ReadAction","target":["https:\/\/xn--li-sportsant-meb.com\/index.php\/senior\/"]}]},{"@type":"BreadcrumbList","@id":"https:\/\/xn--li-sportsant-meb.com\/index.php\/senior\/#breadcrumb","itemListElement":[{"@type":"ListItem","position":1,"name":"Accueil","item":"https:\/\/xn--li-sportsant-meb.com\/"},{"@type":"ListItem","position":2,"name":"S\u00e9niors"}]},{"@type":"WebSite","@id":"https:\/\/xn--li-sportsant-meb.com\/#website","url":"https:\/\/xn--li-sportsant-meb.com\/","name":"LI Sport Sant\u00e9","description":"COACH SPORTIVE, SPORT SANT\u00c9 &amp; VITALIT\u00c9","publisher":{"@id":"https:\/\/xn--li-sportsant-meb.com\/#organization"},"alternateName":"Laurie Ingweiler Sport Sant\u00e9","potentialAction":[{"@type":"SearchAction","target":{"@type":"EntryPoint","urlTemplate":"https:\/\/xn--li-sportsant-meb.com\/?s={search_term_string}"},"query-input":"required name=search_term_string"}],"inLanguage":"fr-FR"},{"@type":"Organization","@id":"https:\/\/xn--li-sportsant-meb.com\/#organization","name":"Laurie Ingweiler","alternateName":"LI Sport Sant\u00e9","url":"https:\/\/xn--li-sportsant-meb.com\/","logo":{"@type":"ImageObject","inLanguage":"fr-FR","@id":"https:\/\/xn--li-sportsant-meb.com\/#\/schema\/logo\/image\/","url":"https:\/\/xn--li-sportsant-meb.com\/wp-content\/uploads\/2024\/06\/Logo_Laurie_Ingweiler_Vert_1x.png","contentUrl":"https:\/\/xn--li-sportsant-meb.com\/wp-content\/uploads\/2024\/06\/Logo_Laurie_Ingweiler_Vert_1x.png","width":310,"height":360,"caption":"Laurie Ingweiler"},"image":{"@id":"https:\/\/xn--li-sportsant-meb.com\/#\/schema\/logo\/image\/"},"sameAs":["https:\/\/www.facebook.com\/IngweilerLaurie\/","https:\/\/www.instagram.com\/laurie.ingweiler\/","https:\/\/www.linkedin.com\/in\/laurie-ingweiler-6b97a4243\/"]}]}},"_links":{"self":[{"href":"https:\/\/xn--li-sportsant-meb.com\/index.php\/wp-json\/wp\/v2\/pages\/91","targetHints":{"allow":["GET"]}}],"collection":[{"href":"https:\/\/xn--li-sportsant-meb.com\/index.php\/wp-json\/wp\/v2\/pages"}],"about":[{"href":"https:\/\/xn--li-sportsant-meb.com\/index.php\/wp-json\/wp\/v2\/types\/page"}],"author":[{"embeddable":true,"href":"https:\/\/xn--li-sportsant-meb.com\/index.php\/wp-json\/wp\/v2\/users\/1"}],"replies":[{"embeddable":true,"href":"https:\/\/xn--li-sportsant-meb.com\/index.php\/wp-json\/wp\/v2\/comments?post=91"}],"version-history":[{"count":5,"href":"https:\/\/xn--li-sportsant-meb.com\/index.php\/wp-json\/wp\/v2\/pages\/91\/revisions"}],"predecessor-version":[{"id":351,"href":"https:\/\/xn--li-sportsant-meb.com\/index.php\/wp-json\/wp\/v2\/pages\/91\/revisions\/351"}],"wp:attachment":[{"href":"https:\/\/xn--li-sportsant-meb.com\/index.php\/wp-json\/wp\/v2\/media?parent=91"}],"curies":[{"name":"wp","href":"https:\/\/api.w.org\/{rel}","templated":true}]}}