{"id":90,"date":"2024-08-01T21:53:31","date_gmt":"2024-08-01T19:53:31","guid":{"rendered":"https:\/\/xn--li-sportsant-meb.com\/?page_id=90"},"modified":"2025-01-16T20:51:49","modified_gmt":"2025-01-16T19:51:49","slug":"activites-enfants-et-adolescents","status":"publish","type":"page","link":"https:\/\/xn--li-sportsant-meb.com\/index.php\/activites-enfants-et-adolescents\/","title":{"rendered":"Activit\u00e9s enfants et adolescents"},"content":{"rendered":"\n<p>Je suis form\u00e9e en yoga et pilates pour enfants et adolescents, une pratique enrichissante qui apporte de nombreux bienfaits.&nbsp;<\/p>\n\n\n\n<div class=\"alignnormal\"><div id=\"metaslider-id-316\" style=\"width: 100%;\" class=\"ml-slider-3-90-0 metaslider metaslider-flex metaslider-316 ml-slider ms-theme-default\" role=\"region\" aria-roledescription=\"Slideshow\" aria-label=\"Jeunes\">\n    <div id=\"metaslider_container_316\">\n        <div id=\"metaslider_316\">\n            <ul class='slides'>\n                <li style=\"display: block; width: 100%;\" class=\"slide-326 ms-image \" aria-roledescription=\"slide\" aria-label=\"slide-326\"><img loading=\"lazy\" decoding=\"async\" src=\"https:\/\/xn--li-sportsant-meb.com\/wp-content\/uploads\/2025\/01\/1730212533915-1024x600.jpg\" height=\"600\" width=\"1024\" alt=\"\" class=\"slider-316 slide-326\" title=\"1730212533915\" \/><\/li>\n                <li style=\"display: none; width: 100%;\" class=\"slide-327 ms-image \" aria-roledescription=\"slide\" aria-label=\"slide-327\"><img loading=\"lazy\" decoding=\"async\" src=\"https:\/\/xn--li-sportsant-meb.com\/wp-content\/uploads\/2025\/01\/1730212533966-scaled-1024x600.jpg\" height=\"600\" width=\"1024\" alt=\"\" class=\"slider-316 slide-327\" title=\"1730212533966\" \/><\/li>\n                <li style=\"display: none; width: 100%;\" class=\"slide-328 ms-image \" aria-roledescription=\"slide\" aria-label=\"slide-328\"><img loading=\"lazy\" decoding=\"async\" src=\"https:\/\/xn--li-sportsant-meb.com\/wp-content\/uploads\/2025\/01\/1730212534021-scaled-e1737057345288-1024x600.jpg\" height=\"600\" width=\"1024\" alt=\"\" class=\"slider-316 slide-328\" title=\"1730212534021\" \/><\/li>\n                <li style=\"display: none; width: 100%;\" class=\"slide-330 ms-image \" aria-roledescription=\"slide\" aria-label=\"slide-330\"><img loading=\"lazy\" decoding=\"async\" src=\"https:\/\/xn--li-sportsant-meb.com\/wp-content\/uploads\/2025\/01\/1730212534188-scaled-1024x600.jpg\" height=\"600\" width=\"1024\" alt=\"\" class=\"slider-316 slide-330\" title=\"1730212534188\" \/><\/li>\n                <li style=\"display: none; width: 100%;\" class=\"slide-331 ms-image \" aria-roledescription=\"slide\" aria-label=\"slide-331\"><img loading=\"lazy\" decoding=\"async\" src=\"https:\/\/xn--li-sportsant-meb.com\/wp-content\/uploads\/2025\/01\/1730212534242-scaled-1024x600.jpg\" height=\"600\" width=\"1024\" alt=\"\" class=\"slider-316 slide-331\" title=\"1730212534242\" \/><\/li>\n                <li style=\"display: none; width: 100%;\" class=\"slide-332 ms-image \" aria-roledescription=\"slide\" aria-label=\"slide-332\"><img loading=\"lazy\" decoding=\"async\" src=\"https:\/\/xn--li-sportsant-meb.com\/wp-content\/uploads\/2025\/01\/1730212534353-1024x600.png\" height=\"600\" width=\"1024\" alt=\"\" class=\"slider-316 slide-332\" title=\"1730212534353\" \/><\/li>\n                <li style=\"display: none; width: 100%;\" class=\"slide-333 ms-image \" aria-roledescription=\"slide\" aria-label=\"slide-333\"><img loading=\"lazy\" decoding=\"async\" src=\"https:\/\/xn--li-sportsant-meb.com\/wp-content\/uploads\/2025\/01\/IMG_20241221_141312_634-1024x600.jpg\" height=\"600\" width=\"1024\" alt=\"\" class=\"slider-316 slide-333\" title=\"IMG_20241221_141312_634\" \/><\/li>\n                <li style=\"display: none; width: 100%;\" class=\"slide-334 ms-image \" aria-roledescription=\"slide\" aria-label=\"slide-334\"><img loading=\"lazy\" decoding=\"async\" src=\"https:\/\/xn--li-sportsant-meb.com\/wp-content\/uploads\/2025\/01\/IMG-20241223-WA0001-1024x600.jpg\" height=\"600\" width=\"1024\" alt=\"\" class=\"slider-316 slide-334\" title=\"IMG-20241223-WA0001\" \/><\/li>\n            <\/ul>\n        <\/div>\n        \n    <\/div>\n<\/div><\/div>\n\n\n\n<p>Les b\u00e9n\u00e9fices du yoga pour les enfants et adolescents sont multiples. Il contribue \u00e0 am\u00e9liorer la posture et l&rsquo;\u00e9quilibre, renforce le syst\u00e8me immunitaire et encourage des habitudes de vie saines. Sur le plan \u00e9motionnel, le yoga aide \u00e0 r\u00e9duire l&rsquo;anxi\u00e9t\u00e9, am\u00e9liore la confiance en soi et favorise un \u00e9tat d&rsquo;esprit positif. Les s\u00e9ances de yoga permettent \u00e9galement de renforcer les liens sociaux, car elles encouragent la coop\u00e9ration et l&#8217;empathie entre les participants.<\/p>\n\n\n\n<p>&nbsp;De plus, il est possible de cr\u00e9er des s\u00e9ances de yoga parents-enfants, une excellente opportunit\u00e9 pour renforcer les liens familiaux tout en partageant un moment de bien-\u00eatre et de complicit\u00e9. Ces s\u00e9ances permettent aux parents et aux enfants de pratiquer ensemble, favorisant ainsi la communication, la confiance mutuelle et la coh\u00e9sion familiale.&nbsp;&nbsp;<\/p>\n\n\n\n<p>Outre le yoga, je propose des s\u00e9ances d&rsquo;activit\u00e9s sportives pour les enfants, couvrant plusieurs aspects&nbsp;: le travail cardio vasculaire, le renforcement musculaire, la mobilit\u00e9, le stretching, et d\u2019autres exercices ludiques, adapt\u00e9s \u00e0 l\u2019\u00e2ge et aux capacit\u00e9s de chacun. Ces s\u00e9ances visent \u00e0 stimuler l\u2019\u00e9nergie, \u00e0 renforcer la sant\u00e9 physique, et \u00e0 encourager une attitude positive envers l\u2019activit\u00e9 physique.<\/p>\n\n\n\n<p>J&rsquo;interviens dans le Bas-Rhin et en Lorraine, notamment \u00e0 Brumath, Haguenau, Strasbourg, Wissembourg, Saverne,  Phalsbourg et Sarrebourg,<\/p>\n\n\n\n<p><\/p>\n","protected":false},"excerpt":{"rendered":"<p>Je suis form\u00e9e en yoga et pilates pour enfants et adolescents, une pratique enrichissante qui apporte de nombreux bienfaits.&nbsp; Les b\u00e9n\u00e9fices du yoga pour les enfants et adolescents sont multiples. Il contribue \u00e0 am\u00e9liorer la posture et l&rsquo;\u00e9quilibre, renforce le syst\u00e8me immunitaire et encourage des habitudes de vie saines. Sur le plan \u00e9motionnel, le yoga &hellip; <\/p>\n<p class=\"link-more\"><a href=\"https:\/\/xn--li-sportsant-meb.com\/index.php\/activites-enfants-et-adolescents\/\" class=\"more-link\">Continuer la lecture<span class=\"screen-reader-text\"> de &laquo;&nbsp;Activit\u00e9s enfants et adolescents&nbsp;&raquo;<\/span><\/a><\/p>\n","protected":false},"author":1,"featured_media":0,"parent":0,"menu_order":0,"comment_status":"closed","ping_status":"closed","template":"","meta":{"footnotes":""},"class_list":["post-90","page","type-page","status-publish","hentry"],"yoast_head":"<!-- This site is optimized with the Yoast SEO plugin v23.0 - https:\/\/yoast.com\/wordpress\/plugins\/seo\/ -->\n<title>Activit\u00e9s enfants et adolescents - Laurie Ingweiler<\/title>\n<meta name=\"robots\" content=\"index, follow, max-snippet:-1, max-image-preview:large, max-video-preview:-1\" \/>\n<link rel=\"canonical\" href=\"https:\/\/xn--li-sportsant-meb.com\/index.php\/activites-enfants-et-adolescents\/\" \/>\n<meta property=\"og:locale\" content=\"fr_FR\" \/>\n<meta property=\"og:type\" content=\"article\" \/>\n<meta property=\"og:title\" content=\"Activit\u00e9s enfants et adolescents - Laurie Ingweiler\" \/>\n<meta property=\"og:description\" content=\"Je suis form\u00e9e en yoga et pilates pour enfants et adolescents, une pratique enrichissante qui apporte de nombreux bienfaits.&nbsp; Les b\u00e9n\u00e9fices du yoga pour les enfants et adolescents sont multiples. Il contribue \u00e0 am\u00e9liorer la posture et l&rsquo;\u00e9quilibre, renforce le syst\u00e8me immunitaire et encourage des habitudes de vie saines. Sur le plan \u00e9motionnel, le yoga &hellip; Continuer la lecture de &laquo;&nbsp;Activit\u00e9s enfants et adolescents&nbsp;&raquo;\" \/>\n<meta property=\"og:url\" content=\"https:\/\/xn--li-sportsant-meb.com\/index.php\/activites-enfants-et-adolescents\/\" \/>\n<meta property=\"og:site_name\" content=\"Laurie Ingweiler\" \/>\n<meta property=\"article:publisher\" content=\"https:\/\/www.facebook.com\/IngweilerLaurie\/\" \/>\n<meta property=\"article:modified_time\" content=\"2025-01-16T19:51:49+00:00\" \/>\n<meta name=\"twitter:card\" content=\"summary_large_image\" \/>\n<meta name=\"twitter:label1\" content=\"Dur\u00e9e de lecture estim\u00e9e\" \/>\n\t<meta name=\"twitter:data1\" content=\"2 minutes\" \/>\n<script type=\"application\/ld+json\" class=\"yoast-schema-graph\">{\"@context\":\"https:\/\/schema.org\",\"@graph\":[{\"@type\":\"WebPage\",\"@id\":\"https:\/\/xn--li-sportsant-meb.com\/index.php\/activites-enfants-et-adolescents\/\",\"url\":\"https:\/\/xn--li-sportsant-meb.com\/index.php\/activites-enfants-et-adolescents\/\",\"name\":\"Activit\u00e9s enfants et adolescents - Laurie Ingweiler\",\"isPartOf\":{\"@id\":\"https:\/\/xn--li-sportsant-meb.com\/#website\"},\"datePublished\":\"2024-08-01T19:53:31+00:00\",\"dateModified\":\"2025-01-16T19:51:49+00:00\",\"breadcrumb\":{\"@id\":\"https:\/\/xn--li-sportsant-meb.com\/index.php\/activites-enfants-et-adolescents\/#breadcrumb\"},\"inLanguage\":\"fr-FR\",\"potentialAction\":[{\"@type\":\"ReadAction\",\"target\":[\"https:\/\/xn--li-sportsant-meb.com\/index.php\/activites-enfants-et-adolescents\/\"]}]},{\"@type\":\"BreadcrumbList\",\"@id\":\"https:\/\/xn--li-sportsant-meb.com\/index.php\/activites-enfants-et-adolescents\/#breadcrumb\",\"itemListElement\":[{\"@type\":\"ListItem\",\"position\":1,\"name\":\"Accueil\",\"item\":\"https:\/\/xn--li-sportsant-meb.com\/\"},{\"@type\":\"ListItem\",\"position\":2,\"name\":\"Activit\u00e9s enfants et adolescents\"}]},{\"@type\":\"WebSite\",\"@id\":\"https:\/\/xn--li-sportsant-meb.com\/#website\",\"url\":\"https:\/\/xn--li-sportsant-meb.com\/\",\"name\":\"LI Sport Sant\u00e9\",\"description\":\"COACH SPORTIVE, SPORT SANT\u00c9 &amp; VITALIT\u00c9\",\"publisher\":{\"@id\":\"https:\/\/xn--li-sportsant-meb.com\/#organization\"},\"alternateName\":\"Laurie Ingweiler Sport Sant\u00e9\",\"potentialAction\":[{\"@type\":\"SearchAction\",\"target\":{\"@type\":\"EntryPoint\",\"urlTemplate\":\"https:\/\/xn--li-sportsant-meb.com\/?s={search_term_string}\"},\"query-input\":\"required name=search_term_string\"}],\"inLanguage\":\"fr-FR\"},{\"@type\":\"Organization\",\"@id\":\"https:\/\/xn--li-sportsant-meb.com\/#organization\",\"name\":\"Laurie Ingweiler\",\"alternateName\":\"LI Sport Sant\u00e9\",\"url\":\"https:\/\/xn--li-sportsant-meb.com\/\",\"logo\":{\"@type\":\"ImageObject\",\"inLanguage\":\"fr-FR\",\"@id\":\"https:\/\/xn--li-sportsant-meb.com\/#\/schema\/logo\/image\/\",\"url\":\"https:\/\/xn--li-sportsant-meb.com\/wp-content\/uploads\/2024\/06\/Logo_Laurie_Ingweiler_Vert_1x.png\",\"contentUrl\":\"https:\/\/xn--li-sportsant-meb.com\/wp-content\/uploads\/2024\/06\/Logo_Laurie_Ingweiler_Vert_1x.png\",\"width\":310,\"height\":360,\"caption\":\"Laurie Ingweiler\"},\"image\":{\"@id\":\"https:\/\/xn--li-sportsant-meb.com\/#\/schema\/logo\/image\/\"},\"sameAs\":[\"https:\/\/www.facebook.com\/IngweilerLaurie\/\",\"https:\/\/www.instagram.com\/laurie.ingweiler\/\",\"https:\/\/www.linkedin.com\/in\/laurie-ingweiler-6b97a4243\/\"]}]}<\/script>\n<!-- \/ Yoast SEO plugin. -->","yoast_head_json":{"title":"Activit\u00e9s enfants et adolescents - Laurie Ingweiler","robots":{"index":"index","follow":"follow","max-snippet":"max-snippet:-1","max-image-preview":"max-image-preview:large","max-video-preview":"max-video-preview:-1"},"canonical":"https:\/\/xn--li-sportsant-meb.com\/index.php\/activites-enfants-et-adolescents\/","og_locale":"fr_FR","og_type":"article","og_title":"Activit\u00e9s enfants et adolescents - Laurie Ingweiler","og_description":"Je suis form\u00e9e en yoga et pilates pour enfants et adolescents, une pratique enrichissante qui apporte de nombreux bienfaits.&nbsp; Les b\u00e9n\u00e9fices du yoga pour les enfants et adolescents sont multiples. Il contribue \u00e0 am\u00e9liorer la posture et l&rsquo;\u00e9quilibre, renforce le syst\u00e8me immunitaire et encourage des habitudes de vie saines. Sur le plan \u00e9motionnel, le yoga &hellip; Continuer la lecture de &laquo;&nbsp;Activit\u00e9s enfants et adolescents&nbsp;&raquo;","og_url":"https:\/\/xn--li-sportsant-meb.com\/index.php\/activites-enfants-et-adolescents\/","og_site_name":"Laurie Ingweiler","article_publisher":"https:\/\/www.facebook.com\/IngweilerLaurie\/","article_modified_time":"2025-01-16T19:51:49+00:00","twitter_card":"summary_large_image","twitter_misc":{"Dur\u00e9e de lecture estim\u00e9e":"2 minutes"},"schema":{"@context":"https:\/\/schema.org","@graph":[{"@type":"WebPage","@id":"https:\/\/xn--li-sportsant-meb.com\/index.php\/activites-enfants-et-adolescents\/","url":"https:\/\/xn--li-sportsant-meb.com\/index.php\/activites-enfants-et-adolescents\/","name":"Activit\u00e9s enfants et adolescents - Laurie Ingweiler","isPartOf":{"@id":"https:\/\/xn--li-sportsant-meb.com\/#website"},"datePublished":"2024-08-01T19:53:31+00:00","dateModified":"2025-01-16T19:51:49+00:00","breadcrumb":{"@id":"https:\/\/xn--li-sportsant-meb.com\/index.php\/activites-enfants-et-adolescents\/#breadcrumb"},"inLanguage":"fr-FR","potentialAction":[{"@type":"ReadAction","target":["https:\/\/xn--li-sportsant-meb.com\/index.php\/activites-enfants-et-adolescents\/"]}]},{"@type":"BreadcrumbList","@id":"https:\/\/xn--li-sportsant-meb.com\/index.php\/activites-enfants-et-adolescents\/#breadcrumb","itemListElement":[{"@type":"ListItem","position":1,"name":"Accueil","item":"https:\/\/xn--li-sportsant-meb.com\/"},{"@type":"ListItem","position":2,"name":"Activit\u00e9s enfants et adolescents"}]},{"@type":"WebSite","@id":"https:\/\/xn--li-sportsant-meb.com\/#website","url":"https:\/\/xn--li-sportsant-meb.com\/","name":"LI Sport Sant\u00e9","description":"COACH SPORTIVE, SPORT SANT\u00c9 &amp; VITALIT\u00c9","publisher":{"@id":"https:\/\/xn--li-sportsant-meb.com\/#organization"},"alternateName":"Laurie Ingweiler Sport Sant\u00e9","potentialAction":[{"@type":"SearchAction","target":{"@type":"EntryPoint","urlTemplate":"https:\/\/xn--li-sportsant-meb.com\/?s={search_term_string}"},"query-input":"required name=search_term_string"}],"inLanguage":"fr-FR"},{"@type":"Organization","@id":"https:\/\/xn--li-sportsant-meb.com\/#organization","name":"Laurie Ingweiler","alternateName":"LI Sport Sant\u00e9","url":"https:\/\/xn--li-sportsant-meb.com\/","logo":{"@type":"ImageObject","inLanguage":"fr-FR","@id":"https:\/\/xn--li-sportsant-meb.com\/#\/schema\/logo\/image\/","url":"https:\/\/xn--li-sportsant-meb.com\/wp-content\/uploads\/2024\/06\/Logo_Laurie_Ingweiler_Vert_1x.png","contentUrl":"https:\/\/xn--li-sportsant-meb.com\/wp-content\/uploads\/2024\/06\/Logo_Laurie_Ingweiler_Vert_1x.png","width":310,"height":360,"caption":"Laurie Ingweiler"},"image":{"@id":"https:\/\/xn--li-sportsant-meb.com\/#\/schema\/logo\/image\/"},"sameAs":["https:\/\/www.facebook.com\/IngweilerLaurie\/","https:\/\/www.instagram.com\/laurie.ingweiler\/","https:\/\/www.linkedin.com\/in\/laurie-ingweiler-6b97a4243\/"]}]}},"_links":{"self":[{"href":"https:\/\/xn--li-sportsant-meb.com\/index.php\/wp-json\/wp\/v2\/pages\/90","targetHints":{"allow":["GET"]}}],"collection":[{"href":"https:\/\/xn--li-sportsant-meb.com\/index.php\/wp-json\/wp\/v2\/pages"}],"about":[{"href":"https:\/\/xn--li-sportsant-meb.com\/index.php\/wp-json\/wp\/v2\/types\/page"}],"author":[{"embeddable":true,"href":"https:\/\/xn--li-sportsant-meb.com\/index.php\/wp-json\/wp\/v2\/users\/1"}],"replies":[{"embeddable":true,"href":"https:\/\/xn--li-sportsant-meb.com\/index.php\/wp-json\/wp\/v2\/comments?post=90"}],"version-history":[{"count":6,"href":"https:\/\/xn--li-sportsant-meb.com\/index.php\/wp-json\/wp\/v2\/pages\/90\/revisions"}],"predecessor-version":[{"id":335,"href":"https:\/\/xn--li-sportsant-meb.com\/index.php\/wp-json\/wp\/v2\/pages\/90\/revisions\/335"}],"wp:attachment":[{"href":"https:\/\/xn--li-sportsant-meb.com\/index.php\/wp-json\/wp\/v2\/media?parent=90"}],"curies":[{"name":"wp","href":"https:\/\/api.w.org\/{rel}","templated":true}]}}