{"id":16,"date":"2024-05-14T15:43:35","date_gmt":"2024-05-14T13:43:35","guid":{"rendered":"http:\/\/xn--li-sportsant-meb.com\/?page_id=16"},"modified":"2025-01-14T21:16:00","modified_gmt":"2025-01-14T20:16:00","slug":"contact","status":"publish","type":"page","link":"https:\/\/xn--li-sportsant-meb.com\/index.php\/contact\/","title":{"rendered":"Contact"},"content":{"rendered":"<style id=\"wpforms-css-vars-root\">\n\t\t\t\t:root {\n\t\t\t\t\t--wpforms-field-border-radius: 3px;\n--wpforms-field-border-style: solid;\n--wpforms-field-border-size: 1px;\n--wpforms-field-background-color: #ffffff;\n--wpforms-field-border-color: rgba( 0, 0, 0, 0.25 );\n--wpforms-field-border-color-spare: rgba( 0, 0, 0, 0.25 );\n--wpforms-field-text-color: rgba( 0, 0, 0, 0.7 );\n--wpforms-field-menu-color: #ffffff;\n--wpforms-label-color: rgba( 0, 0, 0, 0.85 );\n--wpforms-label-sublabel-color: rgba( 0, 0, 0, 0.55 );\n--wpforms-label-error-color: #d63637;\n--wpforms-button-border-radius: 3px;\n--wpforms-button-border-style: none;\n--wpforms-button-border-size: 1px;\n--wpforms-button-background-color: #066aab;\n--wpforms-button-border-color: #066aab;\n--wpforms-button-text-color: #ffffff;\n--wpforms-page-break-color: #066aab;\n--wpforms-background-image: none;\n--wpforms-background-position: center center;\n--wpforms-background-repeat: no-repeat;\n--wpforms-background-size: cover;\n--wpforms-background-width: 100px;\n--wpforms-background-height: 100px;\n--wpforms-background-color: rgba( 0, 0, 0, 0 );\n--wpforms-background-url: none;\n--wpforms-container-padding: 0px;\n--wpforms-container-border-style: none;\n--wpforms-container-border-width: 1px;\n--wpforms-container-border-color: #000000;\n--wpforms-container-border-radius: 3px;\n--wpforms-field-size-input-height: 43px;\n--wpforms-field-size-input-spacing: 15px;\n--wpforms-field-size-font-size: 16px;\n--wpforms-field-size-line-height: 19px;\n--wpforms-field-size-padding-h: 14px;\n--wpforms-field-size-checkbox-size: 16px;\n--wpforms-field-size-sublabel-spacing: 5px;\n--wpforms-field-size-icon-size: 1;\n--wpforms-label-size-font-size: 16px;\n--wpforms-label-size-line-height: 19px;\n--wpforms-label-size-sublabel-font-size: 14px;\n--wpforms-label-size-sublabel-line-height: 17px;\n--wpforms-button-size-font-size: 17px;\n--wpforms-button-size-height: 41px;\n--wpforms-button-size-padding-h: 15px;\n--wpforms-button-size-margin-top: 10px;\n--wpforms-container-shadow-size-box-shadow: none;\n\n\t\t\t\t}\n\t\t\t<\/style><div class=\"wpforms-container wpforms-container-full wpforms-block wpforms-block-6deeb40c-fc15-42da-a828-349293d117c6 wpforms-render-modern\" id=\"wpforms-249\"><form id=\"wpforms-form-249\" class=\"wpforms-validate wpforms-form wpforms-ajax-form\" data-formid=\"249\" method=\"post\" enctype=\"multipart\/form-data\" action=\"\/index.php\/wp-json\/wp\/v2\/pages\/16\" data-token=\"a9bc3e93cabdccb93108b017dd706bd1\" data-token-time=\"1776293589\"><noscript class=\"wpforms-error-noscript\">Veuillez activer JavaScript dans votre navigateur pour remplir ce formulaire.<\/noscript><div class=\"wpforms-hidden\" id=\"wpforms-error-noscript\">Veuillez activer JavaScript dans votre navigateur pour remplir ce formulaire.<\/div><div class=\"wpforms-field-container\"><div id=\"wpforms-249-field_1-container\" class=\"wpforms-field wpforms-field-name\" data-field-id=\"1\"><fieldset><legend class=\"wpforms-field-label\">Nom <span class=\"wpforms-required-label\" aria-hidden=\"true\">*<\/span><\/legend><div class=\"wpforms-field-row wpforms-field-medium\"><div class=\"wpforms-field-row-block wpforms-first wpforms-one-half\"><input type=\"text\" id=\"wpforms-249-field_1\" class=\"wpforms-field-name-first wpforms-field-required\" name=\"wpforms[fields][1][first]\" aria-errormessage=\"wpforms-249-field_1-error\" required><label for=\"wpforms-249-field_1\" class=\"wpforms-field-sublabel after\">Pr\u00e9nom<\/label><\/div><div class=\"wpforms-field-row-block wpforms-one-half\"><input type=\"text\" id=\"wpforms-249-field_1-last\" class=\"wpforms-field-name-last wpforms-field-required\" name=\"wpforms[fields][1][last]\" aria-errormessage=\"wpforms-249-field_1-last-error\" required><label for=\"wpforms-249-field_1-last\" class=\"wpforms-field-sublabel after\">Nom<\/label><\/div><\/div><\/fieldset><\/div><div id=\"wpforms-249-field_2-container\" class=\"wpforms-field wpforms-field-email\" data-field-id=\"2\"><label class=\"wpforms-field-label\" for=\"wpforms-249-field_2\">E-mail <span class=\"wpforms-required-label\" aria-hidden=\"true\">*<\/span><\/label><input type=\"email\" id=\"wpforms-249-field_2\" class=\"wpforms-field-medium wpforms-field-required\" name=\"wpforms[fields][2]\" spellcheck=\"false\" aria-errormessage=\"wpforms-249-field_2-error\" required><\/div><div id=\"wpforms-249-field_3-container\" class=\"wpforms-field wpforms-field-textarea\" data-field-id=\"3\"><label class=\"wpforms-field-label\" for=\"wpforms-249-field_3\">Commentaire ou message<\/label><textarea id=\"wpforms-249-field_3\" class=\"wpforms-field-medium\" name=\"wpforms[fields][3]\" aria-errormessage=\"wpforms-249-field_3-error\" ><\/textarea><\/div><\/div><!-- .wpforms-field-container --><div class=\"wpforms-submit-container\" ><input type=\"hidden\" name=\"wpforms[id]\" value=\"249\"><input type=\"hidden\" name=\"page_title\" value=\"\"><input type=\"hidden\" name=\"page_url\" value=\"https:\/\/xn--li-sportsant-meb.com\/index.php\/wp-json\/wp\/v2\/pages\/16\"><button type=\"submit\" name=\"wpforms[submit]\" id=\"wpforms-submit-249\" class=\"wpforms-submit\" data-alt-text=\"Envoi...\" data-submit-text=\"Envoyer\" aria-live=\"assertive\" value=\"wpforms-submit\">Envoyer<\/button><img loading=\"lazy\" decoding=\"async\" src=\"https:\/\/xn--li-sportsant-meb.com\/wp-content\/plugins\/wpforms-lite\/assets\/images\/submit-spin.svg\" class=\"wpforms-submit-spinner\" style=\"display: none;\" width=\"26\" height=\"26\" alt=\"Chargement en cours\"><\/div><\/form><\/div>  <!-- .wpforms-container -->","protected":false},"excerpt":{"rendered":"","protected":false},"author":1,"featured_media":0,"parent":0,"menu_order":0,"comment_status":"closed","ping_status":"closed","template":"","meta":{"footnotes":""},"class_list":["post-16","page","type-page","status-publish","hentry"],"yoast_head":"<!-- This site is optimized with the Yoast SEO plugin v23.0 - https:\/\/yoast.com\/wordpress\/plugins\/seo\/ -->\n<title>Contact - Laurie Ingweiler<\/title>\n<meta name=\"robots\" content=\"index, follow, max-snippet:-1, max-image-preview:large, max-video-preview:-1\" \/>\n<link rel=\"canonical\" href=\"https:\/\/xn--li-sportsant-meb.com\/index.php\/contact\/\" \/>\n<meta property=\"og:locale\" content=\"fr_FR\" \/>\n<meta property=\"og:type\" content=\"article\" \/>\n<meta property=\"og:title\" content=\"Contact - Laurie Ingweiler\" \/>\n<meta property=\"og:url\" content=\"https:\/\/xn--li-sportsant-meb.com\/index.php\/contact\/\" \/>\n<meta property=\"og:site_name\" content=\"Laurie Ingweiler\" \/>\n<meta property=\"article:publisher\" content=\"https:\/\/www.facebook.com\/IngweilerLaurie\/\" \/>\n<meta property=\"article:modified_time\" content=\"2025-01-14T20:16:00+00:00\" \/>\n<meta name=\"twitter:card\" content=\"summary_large_image\" \/>\n<script type=\"application\/ld+json\" class=\"yoast-schema-graph\">{\"@context\":\"https:\/\/schema.org\",\"@graph\":[{\"@type\":\"WebPage\",\"@id\":\"https:\/\/xn--li-sportsant-meb.com\/index.php\/contact\/\",\"url\":\"https:\/\/xn--li-sportsant-meb.com\/index.php\/contact\/\",\"name\":\"Contact - Laurie Ingweiler\",\"isPartOf\":{\"@id\":\"https:\/\/xn--li-sportsant-meb.com\/#website\"},\"datePublished\":\"2024-05-14T13:43:35+00:00\",\"dateModified\":\"2025-01-14T20:16:00+00:00\",\"breadcrumb\":{\"@id\":\"https:\/\/xn--li-sportsant-meb.com\/index.php\/contact\/#breadcrumb\"},\"inLanguage\":\"fr-FR\",\"potentialAction\":[{\"@type\":\"ReadAction\",\"target\":[\"https:\/\/xn--li-sportsant-meb.com\/index.php\/contact\/\"]}]},{\"@type\":\"BreadcrumbList\",\"@id\":\"https:\/\/xn--li-sportsant-meb.com\/index.php\/contact\/#breadcrumb\",\"itemListElement\":[{\"@type\":\"ListItem\",\"position\":1,\"name\":\"Accueil\",\"item\":\"https:\/\/xn--li-sportsant-meb.com\/\"},{\"@type\":\"ListItem\",\"position\":2,\"name\":\"Contact\"}]},{\"@type\":\"WebSite\",\"@id\":\"https:\/\/xn--li-sportsant-meb.com\/#website\",\"url\":\"https:\/\/xn--li-sportsant-meb.com\/\",\"name\":\"LI Sport Sant\u00e9\",\"description\":\"COACH SPORTIVE, SPORT SANT\u00c9 &amp; VITALIT\u00c9\",\"publisher\":{\"@id\":\"https:\/\/xn--li-sportsant-meb.com\/#organization\"},\"alternateName\":\"Laurie Ingweiler Sport Sant\u00e9\",\"potentialAction\":[{\"@type\":\"SearchAction\",\"target\":{\"@type\":\"EntryPoint\",\"urlTemplate\":\"https:\/\/xn--li-sportsant-meb.com\/?s={search_term_string}\"},\"query-input\":\"required name=search_term_string\"}],\"inLanguage\":\"fr-FR\"},{\"@type\":\"Organization\",\"@id\":\"https:\/\/xn--li-sportsant-meb.com\/#organization\",\"name\":\"Laurie Ingweiler\",\"alternateName\":\"LI Sport Sant\u00e9\",\"url\":\"https:\/\/xn--li-sportsant-meb.com\/\",\"logo\":{\"@type\":\"ImageObject\",\"inLanguage\":\"fr-FR\",\"@id\":\"https:\/\/xn--li-sportsant-meb.com\/#\/schema\/logo\/image\/\",\"url\":\"https:\/\/xn--li-sportsant-meb.com\/wp-content\/uploads\/2024\/06\/Logo_Laurie_Ingweiler_Vert_1x.png\",\"contentUrl\":\"https:\/\/xn--li-sportsant-meb.com\/wp-content\/uploads\/2024\/06\/Logo_Laurie_Ingweiler_Vert_1x.png\",\"width\":310,\"height\":360,\"caption\":\"Laurie Ingweiler\"},\"image\":{\"@id\":\"https:\/\/xn--li-sportsant-meb.com\/#\/schema\/logo\/image\/\"},\"sameAs\":[\"https:\/\/www.facebook.com\/IngweilerLaurie\/\",\"https:\/\/www.instagram.com\/laurie.ingweiler\/\",\"https:\/\/www.linkedin.com\/in\/laurie-ingweiler-6b97a4243\/\"]}]}<\/script>\n<!-- \/ Yoast SEO plugin. -->","yoast_head_json":{"title":"Contact - Laurie Ingweiler","robots":{"index":"index","follow":"follow","max-snippet":"max-snippet:-1","max-image-preview":"max-image-preview:large","max-video-preview":"max-video-preview:-1"},"canonical":"https:\/\/xn--li-sportsant-meb.com\/index.php\/contact\/","og_locale":"fr_FR","og_type":"article","og_title":"Contact - Laurie Ingweiler","og_url":"https:\/\/xn--li-sportsant-meb.com\/index.php\/contact\/","og_site_name":"Laurie Ingweiler","article_publisher":"https:\/\/www.facebook.com\/IngweilerLaurie\/","article_modified_time":"2025-01-14T20:16:00+00:00","twitter_card":"summary_large_image","schema":{"@context":"https:\/\/schema.org","@graph":[{"@type":"WebPage","@id":"https:\/\/xn--li-sportsant-meb.com\/index.php\/contact\/","url":"https:\/\/xn--li-sportsant-meb.com\/index.php\/contact\/","name":"Contact - Laurie Ingweiler","isPartOf":{"@id":"https:\/\/xn--li-sportsant-meb.com\/#website"},"datePublished":"2024-05-14T13:43:35+00:00","dateModified":"2025-01-14T20:16:00+00:00","breadcrumb":{"@id":"https:\/\/xn--li-sportsant-meb.com\/index.php\/contact\/#breadcrumb"},"inLanguage":"fr-FR","potentialAction":[{"@type":"ReadAction","target":["https:\/\/xn--li-sportsant-meb.com\/index.php\/contact\/"]}]},{"@type":"BreadcrumbList","@id":"https:\/\/xn--li-sportsant-meb.com\/index.php\/contact\/#breadcrumb","itemListElement":[{"@type":"ListItem","position":1,"name":"Accueil","item":"https:\/\/xn--li-sportsant-meb.com\/"},{"@type":"ListItem","position":2,"name":"Contact"}]},{"@type":"WebSite","@id":"https:\/\/xn--li-sportsant-meb.com\/#website","url":"https:\/\/xn--li-sportsant-meb.com\/","name":"LI Sport Sant\u00e9","description":"COACH SPORTIVE, SPORT SANT\u00c9 &amp; VITALIT\u00c9","publisher":{"@id":"https:\/\/xn--li-sportsant-meb.com\/#organization"},"alternateName":"Laurie Ingweiler Sport Sant\u00e9","potentialAction":[{"@type":"SearchAction","target":{"@type":"EntryPoint","urlTemplate":"https:\/\/xn--li-sportsant-meb.com\/?s={search_term_string}"},"query-input":"required name=search_term_string"}],"inLanguage":"fr-FR"},{"@type":"Organization","@id":"https:\/\/xn--li-sportsant-meb.com\/#organization","name":"Laurie Ingweiler","alternateName":"LI Sport Sant\u00e9","url":"https:\/\/xn--li-sportsant-meb.com\/","logo":{"@type":"ImageObject","inLanguage":"fr-FR","@id":"https:\/\/xn--li-sportsant-meb.com\/#\/schema\/logo\/image\/","url":"https:\/\/xn--li-sportsant-meb.com\/wp-content\/uploads\/2024\/06\/Logo_Laurie_Ingweiler_Vert_1x.png","contentUrl":"https:\/\/xn--li-sportsant-meb.com\/wp-content\/uploads\/2024\/06\/Logo_Laurie_Ingweiler_Vert_1x.png","width":310,"height":360,"caption":"Laurie Ingweiler"},"image":{"@id":"https:\/\/xn--li-sportsant-meb.com\/#\/schema\/logo\/image\/"},"sameAs":["https:\/\/www.facebook.com\/IngweilerLaurie\/","https:\/\/www.instagram.com\/laurie.ingweiler\/","https:\/\/www.linkedin.com\/in\/laurie-ingweiler-6b97a4243\/"]}]}},"_links":{"self":[{"href":"https:\/\/xn--li-sportsant-meb.com\/index.php\/wp-json\/wp\/v2\/pages\/16","targetHints":{"allow":["GET"]}}],"collection":[{"href":"https:\/\/xn--li-sportsant-meb.com\/index.php\/wp-json\/wp\/v2\/pages"}],"about":[{"href":"https:\/\/xn--li-sportsant-meb.com\/index.php\/wp-json\/wp\/v2\/types\/page"}],"author":[{"embeddable":true,"href":"https:\/\/xn--li-sportsant-meb.com\/index.php\/wp-json\/wp\/v2\/users\/1"}],"replies":[{"embeddable":true,"href":"https:\/\/xn--li-sportsant-meb.com\/index.php\/wp-json\/wp\/v2\/comments?post=16"}],"version-history":[{"count":2,"href":"https:\/\/xn--li-sportsant-meb.com\/index.php\/wp-json\/wp\/v2\/pages\/16\/revisions"}],"predecessor-version":[{"id":251,"href":"https:\/\/xn--li-sportsant-meb.com\/index.php\/wp-json\/wp\/v2\/pages\/16\/revisions\/251"}],"wp:attachment":[{"href":"https:\/\/xn--li-sportsant-meb.com\/index.php\/wp-json\/wp\/v2\/media?parent=16"}],"curies":[{"name":"wp","href":"https:\/\/api.w.org\/{rel}","templated":true}]}}